{"id":156,"date":"2024-06-24T16:10:43","date_gmt":"2024-06-24T16:10:43","guid":{"rendered":"https:\/\/dbjota.pt\/?page_id=156"},"modified":"2024-06-24T21:59:53","modified_gmt":"2024-06-24T21:59:53","slug":"sobre-nos","status":"publish","type":"page","link":"https:\/\/dbjota.pt\/index.php\/sobre-nos\/","title":{"rendered":"Sobre N\u00f3s"},"content":{"rendered":"\t\t<div data-elementor-type=\"wp-page\" data-elementor-id=\"156\" class=\"elementor elementor-156\" data-elementor-post-type=\"page\">\n\t\t\t\t<div class=\"elementor-element elementor-element-f5c6e19 e-flex e-con-boxed e-con e-parent\" data-id=\"f5c6e19\" data-element_type=\"container\">\n\t\t\t\t\t<div class=\"e-con-inner\">\n\t\t\t\t<div class=\"elementor-element elementor-element-a7fedaf animated-slow  ui-split-animate ui-splitby-chars elementor-invisible elementor-widget elementor-widget-heading\" data-id=\"a7fedaf\" data-element_type=\"widget\" data-settings=\"{&quot;_animation&quot;:&quot;fadeIn&quot;,&quot;ui_animate_split&quot;:&quot;ui-split-animate&quot;,&quot;ui_animate_split_by&quot;:&quot;chars&quot;,&quot;ui_animate_split_style&quot;:&quot;fadeInUp&quot;}\" data-widget_type=\"heading.default\">\n\t\t\t\t<div class=\"elementor-widget-container\">\n\t\t\t\t\t<h1 class=\"elementor-heading-title elementor-size-default\">Sobre N\u00f3s<\/h1>\t\t\t\t<\/div>\n\t\t\t\t<\/div>\n\t\t\t\t\t<\/div>\n\t\t\t\t<\/div>\n\t\t<div class=\"elementor-element elementor-element-5f9ba95 e-flex e-con-boxed e-con e-parent\" data-id=\"5f9ba95\" data-element_type=\"container\">\n\t\t\t\t\t<div class=\"e-con-inner\">\n\t\t<div class=\"elementor-element elementor-element-1c5921e e-con-full e-flex e-con e-child\" data-id=\"1c5921e\" data-element_type=\"container\">\n\t\t\t\t<div class=\"elementor-element elementor-element-22dc6a3 elementor-widget__width-initial elementor-widget-mobile__width-inherit  ui-split-animate ui-splitby-chars elementor-widget elementor-widget-heading\" data-id=\"22dc6a3\" data-element_type=\"widget\" data-settings=\"{&quot;ui_animate_split&quot;:&quot;ui-split-animate&quot;,&quot;ui_animate_split_by&quot;:&quot;chars&quot;,&quot;ui_animate_split_style&quot;:&quot;fadeInUp&quot;}\" data-widget_type=\"heading.default\">\n\t\t\t\t<div class=\"elementor-widget-container\">\n\t\t\t\t\t<h2 class=\"elementor-heading-title elementor-size-default\">Sobre a DBJota<\/h2>\t\t\t\t<\/div>\n\t\t\t\t<\/div>\n\t\t\t\t<div class=\"elementor-element elementor-element-b35a3fa elementor-widget__width-initial elementor-widget-mobile__width-inherit elementor-widget-tablet__width-initial elementor-invisible elementor-widget elementor-widget-text-editor\" data-id=\"b35a3fa\" data-element_type=\"widget\" data-settings=\"{&quot;_animation&quot;:&quot;fadeInUp&quot;,&quot;_animation_delay&quot;:500}\" data-widget_type=\"text-editor.default\">\n\t\t\t\t<div class=\"elementor-widget-container\">\n\t\t\t\t\t\t\t\t\t<p data-sourcepos=\"3:1-3:233\">Na DBJota, somos apaixonados por impulsionar neg\u00f3cios atrav\u00e9s do poder do digital. Somos uma ag\u00eancia especializada em transformar a presen\u00e7a online de empreendedores e pequenas empresas, oferecendo solu\u00e7\u00f5es personalizadas e eficazes.<\/p><p data-sourcepos=\"5:1-5:268\">Acreditamos que cada neg\u00f3cio tem uma hist\u00f3ria \u00fanica para contar e um potencial infinito para alcan\u00e7ar. Por isso, dedicamo-nos a criar estrat\u00e9gias digitais sob medida, que comunicam a sua mensagem de forma clara e envolvente, conquistando a aten\u00e7\u00e3o do seu p\u00fablico-alvo.<\/p>\t\t\t\t\t\t\t\t<\/div>\n\t\t\t\t<\/div>\n\t\t\t\t<div class=\"elementor-element elementor-element-6904c7d elementor-widget elementor-widget-spacer\" data-id=\"6904c7d\" data-element_type=\"widget\" data-widget_type=\"spacer.default\">\n\t\t\t\t<div class=\"elementor-widget-container\">\n\t\t\t\t\t\t\t<div class=\"elementor-spacer\">\n\t\t\t<div class=\"elementor-spacer-inner\"><\/div>\n\t\t<\/div>\n\t\t\t\t\t\t<\/div>\n\t\t\t\t<\/div>\n\t\t\t\t<\/div>\n\t\t<div class=\"elementor-element elementor-element-8f6d7ac e-con-full e-flex e-con e-child\" data-id=\"8f6d7ac\" data-element_type=\"container\">\n\t\t\t\t<div class=\"elementor-element elementor-element-2c1c69e elementor-widget elementor-widget-image\" data-id=\"2c1c69e\" data-element_type=\"widget\" data-widget_type=\"image.default\">\n\t\t\t\t<div class=\"elementor-widget-container\">\n\t\t\t\t\t\t\t\t\t\t\t\t\t\t\t<img fetchpriority=\"high\" decoding=\"async\" width=\"338\" height=\"344\" src=\"https:\/\/dbjota.pt\/wp-content\/uploads\/2024\/06\/logo-dbjota-1-1-e1718325481712.png\" class=\"attachment-large size-large wp-image-35\" alt=\"\" srcset=\"https:\/\/dbjota.pt\/wp-content\/uploads\/2024\/06\/logo-dbjota-1-1-e1718325481712.png 338w, https:\/\/dbjota.pt\/wp-content\/uploads\/2024\/06\/logo-dbjota-1-1-e1718325481712-295x300.png 295w\" sizes=\"(max-width: 338px) 100vw, 338px\" \/>\t\t\t\t\t\t\t\t\t\t\t\t\t\t\t<\/div>\n\t\t\t\t<\/div>\n\t\t\t\t<\/div>\n\t\t\t\t\t<\/div>\n\t\t\t\t<\/div>\n\t\t<div class=\"elementor-element elementor-element-7ff1b01 e-flex e-con-boxed e-con e-parent\" data-id=\"7ff1b01\" data-element_type=\"container\">\n\t\t\t\t\t<div class=\"e-con-inner\">\n\t\t<div class=\"elementor-element elementor-element-8af8a40 e-con-full e-flex e-con e-child\" data-id=\"8af8a40\" data-element_type=\"container\">\n\t\t\t\t<div class=\"elementor-element elementor-element-0db7343 elementor-widget elementor-widget-heading\" data-id=\"0db7343\" data-element_type=\"widget\" data-widget_type=\"heading.default\">\n\t\t\t\t<div class=\"elementor-widget-container\">\n\t\t\t\t\t<h2 class=\"elementor-heading-title elementor-size-default\">A Nossa Miss\u00e3o\n<\/h2>\t\t\t\t<\/div>\n\t\t\t\t<\/div>\n\t\t\t\t<div class=\"elementor-element elementor-element-0125f6c elementor-widget elementor-widget-text-editor\" data-id=\"0125f6c\" data-element_type=\"widget\" data-widget_type=\"text-editor.default\">\n\t\t\t\t<div class=\"elementor-widget-container\">\n\t\t\t\t\t\t\t\t\t<p>A nossa miss\u00e3o \u00e9 simples: ajudar o seu neg\u00f3cio a prosperar no mundo digital. Seja atrav\u00e9s da gest\u00e3o estrat\u00e9gica das suas redes sociais, da cria\u00e7\u00e3o de uma identidade visual marcante ou do desenvolvimento de um website profissional, estamos aqui para tornar a sua presen\u00e7a online um sucesso.<\/p>\t\t\t\t\t\t\t\t<\/div>\n\t\t\t\t<\/div>\n\t\t\t\t<div class=\"elementor-element elementor-element-4b14d7c elementor-widget elementor-widget-spacer\" data-id=\"4b14d7c\" data-element_type=\"widget\" data-widget_type=\"spacer.default\">\n\t\t\t\t<div class=\"elementor-widget-container\">\n\t\t\t\t\t\t\t<div class=\"elementor-spacer\">\n\t\t\t<div class=\"elementor-spacer-inner\"><\/div>\n\t\t<\/div>\n\t\t\t\t\t\t<\/div>\n\t\t\t\t<\/div>\n\t\t\t\t<div class=\"elementor-element elementor-element-87f824e elementor-widget elementor-widget-heading\" data-id=\"87f824e\" data-element_type=\"widget\" data-widget_type=\"heading.default\">\n\t\t\t\t<div class=\"elementor-widget-container\">\n\t\t\t\t\t<h2 class=\"elementor-heading-title elementor-size-default\">Junte-se a N\u00f3s Nesta Jornada\n<\/h2>\t\t\t\t<\/div>\n\t\t\t\t<\/div>\n\t\t\t\t<div class=\"elementor-element elementor-element-9d594c0 elementor-widget elementor-widget-text-editor\" data-id=\"9d594c0\" data-element_type=\"widget\" data-widget_type=\"text-editor.default\">\n\t\t\t\t<div class=\"elementor-widget-container\">\n\t\t\t\t\t\t\t\t\t<p>Se est\u00e1 pronto para levar o seu neg\u00f3cio para o pr\u00f3ximo n\u00edvel no mundo digital, a DBJota \u00e9 a sua parceira ideal. Entre em contacto connosco hoje mesmo e descubra como podemos ajud\u00e1-lo a alcan\u00e7ar o sucesso online.<\/p>\t\t\t\t\t\t\t\t<\/div>\n\t\t\t\t<\/div>\n\t\t\t\t<\/div>\n\t\t<div class=\"elementor-element elementor-element-d79ff37 e-con-full e-flex e-con e-child\" data-id=\"d79ff37\" data-element_type=\"container\">\n\t\t\t\t<div class=\"elementor-element elementor-element-746f63b elementor-widget elementor-widget-heading\" data-id=\"746f63b\" data-element_type=\"widget\" data-widget_type=\"heading.default\">\n\t\t\t\t<div class=\"elementor-widget-container\">\n\t\t\t\t\t<h2 class=\"elementor-heading-title elementor-size-default\">O Que Nos Torna Diferentes<\/h2>\t\t\t\t<\/div>\n\t\t\t\t<\/div>\n\t\t\t\t<div class=\"elementor-element elementor-element-0dfa339 elementor-widget elementor-widget-text-editor\" data-id=\"0dfa339\" data-element_type=\"widget\" data-widget_type=\"text-editor.default\">\n\t\t\t\t<div class=\"elementor-widget-container\">\n\t\t\t\t\t\t\t\t\t<ul><li data-sourcepos=\"13:1-13:154\"><strong>Foco no Cliente:<\/strong> Colocamos as suas necessidades e objetivos em primeiro lugar, trabalhando em parceria consigo para alcan\u00e7ar os melhores resultados.<\/li><li data-sourcepos=\"14:1-14:164\"><strong>Solu\u00e7\u00f5es Personalizadas:<\/strong> N\u00e3o acreditamos em f\u00f3rmulas prontas. Desenvolvemos estrat\u00e9gias e solu\u00e7\u00f5es adaptadas \u00e0 sua realidade e aos seus objetivos espec\u00edficos.<\/li><li data-sourcepos=\"15:1-15:205\"><strong>Equipa Experiente:<\/strong> Contamos com uma equipa multidisciplinar de profissionais apaixonados pelo digital, com vasta experi\u00eancia em diversas \u00e1reas, desde marketing digital a design e desenvolvimento web.<\/li><li data-sourcepos=\"16:1-17:0\"><strong>Transpar\u00eancia e Confian\u00e7a:<\/strong> Acreditamos numa rela\u00e7\u00e3o de confian\u00e7a e transpar\u00eancia com os nossos clientes, mantendo-os sempre informados sobre o progresso dos projetos e resultados alcan\u00e7ados.<\/li><\/ul>\t\t\t\t\t\t\t\t<\/div>\n\t\t\t\t<\/div>\n\t\t\t\t<\/div>\n\t\t\t\t\t<\/div>\n\t\t\t\t<\/div>\n\t\t\t\t<\/div>\n\t\t","protected":false},"excerpt":{"rendered":"<p>Sobre N\u00f3s Sobre a DBJota Na DBJota, somos apaixonados por impulsionar neg\u00f3cios atrav\u00e9s do poder do digital. Somos uma ag\u00eancia especializada em [&hellip;]<\/p>\n","protected":false},"author":1,"featured_media":0,"parent":0,"menu_order":0,"comment_status":"closed","ping_status":"closed","template":"","meta":{"footnotes":""},"class_list":["post-156","page","type-page","status-publish","hentry"],"_links":{"self":[{"href":"https:\/\/dbjota.pt\/index.php\/wp-json\/wp\/v2\/pages\/156","targetHints":{"allow":["GET"]}}],"collection":[{"href":"https:\/\/dbjota.pt\/index.php\/wp-json\/wp\/v2\/pages"}],"about":[{"href":"https:\/\/dbjota.pt\/index.php\/wp-json\/wp\/v2\/types\/page"}],"author":[{"embeddable":true,"href":"https:\/\/dbjota.pt\/index.php\/wp-json\/wp\/v2\/users\/1"}],"replies":[{"embeddable":true,"href":"https:\/\/dbjota.pt\/index.php\/wp-json\/wp\/v2\/comments?post=156"}],"version-history":[{"count":22,"href":"https:\/\/dbjota.pt\/index.php\/wp-json\/wp\/v2\/pages\/156\/revisions"}],"predecessor-version":[{"id":192,"href":"https:\/\/dbjota.pt\/index.php\/wp-json\/wp\/v2\/pages\/156\/revisions\/192"}],"wp:attachment":[{"href":"https:\/\/dbjota.pt\/index.php\/wp-json\/wp\/v2\/media?parent=156"}],"curies":[{"name":"wp","href":"https:\/\/api.w.org\/{rel}","templated":true}]}}